{"id":6,"date":"2021-04-13T16:24:38","date_gmt":"2021-04-13T19:24:38","guid":{"rendered":"http:\/\/www.cedserj.com.br\/?page_id=6"},"modified":"2021-04-19T21:47:49","modified_gmt":"2021-04-20T00:47:49","slug":"home","status":"publish","type":"page","link":"https:\/\/cedserj.com.br\/en\/","title":{"rendered":"Home"},"content":{"rendered":"<div class=\"wp-block-cover alignfull has-white-background-color has-background-dim hestia-clear-top-padding\"><div class=\"wp-block-cover__inner-container is-layout-flow wp-block-cover-is-layout-flow\">\n<h2 class=\"has-text-align-center has-text-color wp-block-heading\" style=\"color:#3c4858\">Certifica\u00e7\u00f5es<\/h2>\n\n\n\n<div style=\"height:40px\" aria-hidden=\"true\" class=\"wp-block-spacer\"><\/div>\n\n\n\n<div class=\"wp-block-columns container is-layout-flex wp-container-core-columns-is-layout-28f84493 wp-block-columns-is-layout-flex\">\n<div class=\"wp-block-column is-layout-flow wp-block-column-is-layout-flow\">\n<div class=\"wp-block-image\"><figure class=\"aligncenter size-large\"><img data-opt-id=999160382  fetchpriority=\"high\" decoding=\"async\" width=\"96\" height=\"96\" src=\"https:\/\/mlzcfy8s4k07.i.optimole.com\/w:auto\/h:auto\/q:mauto\/f:best\/http:\/\/www.cedserj.com.br\/wp-content\/uploads\/2021\/04\/empresa-cidada.png\" alt=\"\" class=\"wp-image-51\" srcset=\"https:\/\/mlzcfy8s4k07.i.optimole.com\/w:auto\/h:auto\/q:mauto\/f:best\/https:\/\/cedserj.com.br\/wp-content\/uploads\/2021\/04\/empresa-cidada.png 96w, https:\/\/mlzcfy8s4k07.i.optimole.com\/w:auto\/h:auto\/q:mauto\/f:best\/https:\/\/cedserj.com.br\/wp-content\/uploads\/2021\/04\/empresa-cidada.png 12w\" sizes=\"(max-width: 96px) 100vw, 96px\" \/><\/figure><\/div>\n\n\n\n<h5 class=\"has-text-align-center has-text-color wp-block-heading\" style=\"color:#3c4858;font-size:18px\">Certificado Empresa Cidad\u00e3<\/h5>\n\n\n\n<p class=\"has-text-align-center has-text-color\" style=\"color:#999999;font-size:14px\">O Certificado Empresa Cidad\u00e3 promove o reconhecimento p\u00fablico das empresas realizadoras de a\u00e7\u00f5es sociais e ambientais.<\/p>\n\n\n\n<div style=\"height:25px\" aria-hidden=\"true\" class=\"wp-block-spacer\"><\/div>\n<\/div>\n\n\n\n<div class=\"wp-block-column is-layout-flow wp-block-column-is-layout-flow\">\n<div class=\"wp-block-image\"><figure class=\"aligncenter size-large\"><img data-opt-id=1535093631  fetchpriority=\"high\" decoding=\"async\" width=\"96\" height=\"96\" src=\"https:\/\/mlzcfy8s4k07.i.optimole.com\/w:auto\/h:auto\/q:mauto\/f:best\/http:\/\/www.cedserj.com.br\/wp-content\/uploads\/2021\/04\/sustentabilidade.png\" alt=\"\" class=\"wp-image-57\" srcset=\"https:\/\/mlzcfy8s4k07.i.optimole.com\/w:auto\/h:auto\/q:mauto\/f:best\/https:\/\/cedserj.com.br\/wp-content\/uploads\/2021\/04\/sustentabilidade.png 96w, https:\/\/mlzcfy8s4k07.i.optimole.com\/w:auto\/h:auto\/q:mauto\/f:best\/https:\/\/cedserj.com.br\/wp-content\/uploads\/2021\/04\/sustentabilidade.png 12w\" sizes=\"(max-width: 96px) 100vw, 96px\" \/><\/figure><\/div>\n\n\n\n<h5 class=\"has-text-align-center has-text-color wp-block-heading\" style=\"color:#3c4858;font-size:18px\">Sustentabilidade<\/h5>\n\n\n\n<p class=\"has-text-align-center has-text-color\" style=\"color:#999999;font-size:14px\"><strong>Breeam In Use<\/strong>, certifica\u00e7\u00e3o ambiental de edif\u00edcios pioneira e mais utilizada no mundo, fornecida pelo BRE, institui\u00e7\u00e3o inglesa refer\u00eancia mundial na \u00e1rea de constru\u00e7\u00e3o.<br><strong>LEED O+M<\/strong> (Opera\u00e7\u00e3o e manuten\u00e7\u00e3o de edifica\u00e7\u00f5es constru\u00eddas) N\u00edvel Prata, orienta e atesta o comprometimento de uma edifica\u00e7\u00e3o com os princ\u00edpios da sustentabilidade para a constru\u00e7\u00e3o civil.<\/p>\n\n\n\n<p><\/p>\n\n\n\n<div style=\"height:25px\" aria-hidden=\"true\" class=\"wp-block-spacer\"><\/div>\n<\/div>\n\n\n\n<div class=\"wp-block-column is-layout-flow wp-block-column-is-layout-flow\">\n<div class=\"wp-block-image\"><figure class=\"aligncenter size-large is-resized\"><img data-opt-id=1487543907  fetchpriority=\"high\" decoding=\"async\" src=\"https:\/\/mlzcfy8s4k07.i.optimole.com\/w:auto\/h:auto\/q:mauto\/f:best\/http:\/\/www.cedserj.com.br\/wp-content\/uploads\/2021\/04\/gptw-logo.png\" alt=\"\" class=\"wp-image-60\" width=\"96\" height=\"96\" srcset=\"https:\/\/mlzcfy8s4k07.i.optimole.com\/w:auto\/h:auto\/q:mauto\/f:best\/https:\/\/cedserj.com.br\/wp-content\/uploads\/2021\/04\/gptw-logo.png 198w, https:\/\/mlzcfy8s4k07.i.optimole.com\/w:auto\/h:auto\/q:mauto\/f:best\/https:\/\/cedserj.com.br\/wp-content\/uploads\/2021\/04\/gptw-logo.png 150w, https:\/\/mlzcfy8s4k07.i.optimole.com\/w:auto\/h:auto\/q:mauto\/f:best\/https:\/\/cedserj.com.br\/wp-content\/uploads\/2021\/04\/gptw-logo.png 12w\" sizes=\"(max-width: 96px) 100vw, 96px\" \/><\/figure><\/div>\n\n\n\n<h5 class=\"has-text-align-center has-text-color wp-block-heading\" style=\"color:#3c4858;font-size:18px\">Great Place To Work<\/h5>\n\n\n\n<p class=\"has-text-align-center has-text-color\" style=\"color:#999999;font-size:14px\">O CEDSERJ foi apontado como uma das melhores empresas para trabalhar no Rio de Janeiro.<\/p>\n\n\n\n<div style=\"height:25px\" aria-hidden=\"true\" class=\"wp-block-spacer\"><\/div>\n<\/div>\n<\/div>\n\n\n\n<div style=\"height:40px\" aria-hidden=\"true\" class=\"wp-block-spacer\"><\/div>\n<\/div><\/div>\n\n\n\n<div class=\"wp-block-columns container is-layout-flex wp-container-core-columns-is-layout-28f84493 wp-block-columns-is-layout-flex\">\n<div class=\"wp-block-column col-md-5 is-layout-flow wp-block-column-is-layout-flow\">\n<div style=\"height:55px\" aria-hidden=\"true\" class=\"wp-block-spacer\"><\/div>\n\n\n\n<h2 class=\"has-text-align-center wp-block-heading\">A empresa<\/h2>\n\n\n\n<p class=\"has-text-align-center\"><em>Um \u00f3timo local para trabalhar, socialmente respons\u00e1vel e reconhecido pela excel\u00eancia nos servi\u00e7os prestados.<\/em><\/p>\n<\/div>\n<\/div>","protected":false},"excerpt":{"rendered":"<p>A empresa Um \u00f3timo local para trabalhar, socialmente respons\u00e1vel e reconhecido pela excel\u00eancia nos servi\u00e7os prestados.<\/p>","protected":false},"author":1,"featured_media":0,"parent":0,"menu_order":0,"comment_status":"closed","ping_status":"closed","template":"","meta":{"_themeisle_gutenberg_block_has_review":false,"footnotes":""},"class_list":["post-6","page","type-page","status-publish","hentry"],"_links":{"self":[{"href":"https:\/\/cedserj.com.br\/en\/wp-json\/wp\/v2\/pages\/6","targetHints":{"allow":["GET"]}}],"collection":[{"href":"https:\/\/cedserj.com.br\/en\/wp-json\/wp\/v2\/pages"}],"about":[{"href":"https:\/\/cedserj.com.br\/en\/wp-json\/wp\/v2\/types\/page"}],"author":[{"embeddable":true,"href":"https:\/\/cedserj.com.br\/en\/wp-json\/wp\/v2\/users\/1"}],"replies":[{"embeddable":true,"href":"https:\/\/cedserj.com.br\/en\/wp-json\/wp\/v2\/comments?post=6"}],"version-history":[{"count":17,"href":"https:\/\/cedserj.com.br\/en\/wp-json\/wp\/v2\/pages\/6\/revisions"}],"predecessor-version":[{"id":179,"href":"https:\/\/cedserj.com.br\/en\/wp-json\/wp\/v2\/pages\/6\/revisions\/179"}],"wp:attachment":[{"href":"https:\/\/cedserj.com.br\/en\/wp-json\/wp\/v2\/media?parent=6"}],"curies":[{"name":"wp","href":"https:\/\/api.w.org\/{rel}","templated":true}]}}