{"id":2,"date":"2021-04-13T13:42:06","date_gmt":"2021-04-13T16:42:06","guid":{"rendered":"http:\/\/www.cedserj.com.br\/?page_id=2"},"modified":"2023-02-15T14:44:23","modified_gmt":"2023-02-15T17:44:23","slug":"quem-somos","status":"publish","type":"page","link":"https:\/\/cedserj.com.br\/en\/quem-somos\/","title":{"rendered":"Quem somos&#8230;"},"content":{"rendered":"<div class=\"wp-block-image\">\n<figure class=\"aligncenter size-large is-resized\"><img data-opt-id=988584903  fetchpriority=\"high\" decoding=\"async\" src=\"https:\/\/mlzcfy8s4k07.i.optimole.com\/w:auto\/h:auto\/q:mauto\/f:best\/http:\/\/www.cedserj.com.br\/wp-content\/uploads\/2021\/04\/logo-web-cedserj-md.png\" alt=\"\" class=\"wp-image-103\" width=\"387\" height=\"132\" srcset=\"https:\/\/mlzcfy8s4k07.i.optimole.com\/w:auto\/h:auto\/q:mauto\/f:best\/https:\/\/cedserj.com.br\/wp-content\/uploads\/2021\/04\/logo-web-cedserj-md.png 387w, https:\/\/mlzcfy8s4k07.i.optimole.com\/w:auto\/h:auto\/q:mauto\/f:best\/https:\/\/cedserj.com.br\/wp-content\/uploads\/2021\/04\/logo-web-cedserj-md.png 300w, https:\/\/mlzcfy8s4k07.i.optimole.com\/w:auto\/h:auto\/q:mauto\/f:best\/https:\/\/cedserj.com.br\/wp-content\/uploads\/2021\/04\/logo-web-cedserj-md.png 16w\" sizes=\"(max-width: 387px) 100vw, 387px\" \/><\/figure><\/div>\n\n\n<p>Em 14 de julho de 1985, nascia o CEDSERJ, a empresa que seria a administradora do EDSERJ &#8211; a sede oficial do BNDES no Rio de Janeiro &#8211; oferecendo servi\u00e7o de qualidade, priorizando o conforto e o bom atendimento aos seus usu\u00e1rios. Respons\u00e1vel por diversas atividades no pr\u00e9dio como administra\u00e7\u00e3o geral, copeiragem, recep\u00e7\u00e3o, limpeza, seguran\u00e7a e manuten\u00e7\u00e3o. Ao longo desse tempo, o &#8220;Condom\u00ednio&#8221; se consolidou como uma empresa voltada para a Gest\u00e3o com Pessoas. A cria\u00e7\u00e3o de programas de incentivo e qualidade de vida s\u00e3o bons exemplos dessa mudan\u00e7a. Al\u00e9m disso, a preocupa\u00e7\u00e3o com o corpo funcional, prezando pela transpar\u00eancia nas rela\u00e7\u00f5es entre as equipes contribuiu para um clima cada vez mais produtivo e amistoso na empresa.<br><br>A Responsabilidade Socioambiental iniciou em 1998 e se consolidou, pois o que antes era apenas uma preocupa\u00e7\u00e3o com a coleta, hoje \u00e9 cl\u00e1usula obrigat\u00f3ria nos contratos das empresas parceiras. Descarte correto de materiais, distribui\u00e7\u00e3o de coletores apropriados pelos andares do pr\u00e9dio e nas salas, parceria com cooperativas de catadores, al\u00e9m de uma maior preocupa\u00e7\u00e3o com o entorno do edif\u00edcio, resultaram em economia de \u00e1gua e energia. Fomos o primeiro edif\u00edcio no Brasil a receber o selo BREEAM, que certifica os edif\u00edcios considerados \u201cverdes\u201d, demonstrando o nosso compromisso com as quest\u00f5es ambientais.<br><br>Em janeiro de 2023, o EDSERJ recebeu a certifica\u00e7\u00e3o LEED Ouro por ser um edif\u00edcio \u201cverde\u201d, ou seja, por continuamente manter a sua estrutura e opera\u00e7\u00e3o voltadas para o meio ambiente. Esse cuidado, representou um salto qualitativo da certifica\u00e7\u00e3o do edif\u00edcio que em 2017 recebeu a certifica\u00e7\u00e3o prata.<\/p>\n\n\n\n<p>Em 2013, 2014 e 2015 o CEDSERJ recebeu os selos Great Place to Work, sendo considerados como uma das Melhores Empresas para Trabalhar no Rio de Janeiro.\u00a0<\/p>\n\n\n\n<div style=\"height:100px\" aria-hidden=\"true\" class=\"wp-block-spacer\"><\/div>\n\n\n\n<p><\/p>","protected":false},"excerpt":{"rendered":"<p>Em 14 de julho de 1985, nascia o CEDSERJ, a empresa que seria a administradora do EDSERJ &#8211; a sede oficial do BNDES no Rio de Janeiro &#8211; oferecendo servi\u00e7o de qualidade, priorizando o conforto e o bom atendimento aos seus usu\u00e1rios. Respons\u00e1vel por diversas atividades no pr\u00e9dio como administra\u00e7\u00e3o [&hellip;]<\/p>","protected":false},"author":1,"featured_media":96,"parent":0,"menu_order":0,"comment_status":"closed","ping_status":"open","template":"","meta":{"_themeisle_gutenberg_block_has_review":false,"footnotes":""},"class_list":["post-2","page","type-page","status-publish","has-post-thumbnail","hentry"],"_links":{"self":[{"href":"https:\/\/cedserj.com.br\/en\/wp-json\/wp\/v2\/pages\/2","targetHints":{"allow":["GET"]}}],"collection":[{"href":"https:\/\/cedserj.com.br\/en\/wp-json\/wp\/v2\/pages"}],"about":[{"href":"https:\/\/cedserj.com.br\/en\/wp-json\/wp\/v2\/types\/page"}],"author":[{"embeddable":true,"href":"https:\/\/cedserj.com.br\/en\/wp-json\/wp\/v2\/users\/1"}],"replies":[{"embeddable":true,"href":"https:\/\/cedserj.com.br\/en\/wp-json\/wp\/v2\/comments?post=2"}],"version-history":[{"count":12,"href":"https:\/\/cedserj.com.br\/en\/wp-json\/wp\/v2\/pages\/2\/revisions"}],"predecessor-version":[{"id":213,"href":"https:\/\/cedserj.com.br\/en\/wp-json\/wp\/v2\/pages\/2\/revisions\/213"}],"wp:featuredmedia":[{"embeddable":true,"href":"https:\/\/cedserj.com.br\/en\/wp-json\/wp\/v2\/media\/96"}],"wp:attachment":[{"href":"https:\/\/cedserj.com.br\/en\/wp-json\/wp\/v2\/media?parent=2"}],"curies":[{"name":"wp","href":"https:\/\/api.w.org\/{rel}","templated":true}]}}